{"id":205,"date":"2026-03-12T08:47:50","date_gmt":"2026-03-12T07:47:50","guid":{"rendered":"https:\/\/protown.sk\/?page_id=205"},"modified":"2026-03-12T09:13:39","modified_gmt":"2026-03-12T08:13:39","slug":"realizacie","status":"publish","type":"page","link":"https:\/\/protown.sk\/?page_id=205","title":{"rendered":"Realiz\u00e1cie"},"content":{"rendered":"\t\t<div data-elementor-type=\"wp-page\" data-elementor-id=\"205\" class=\"elementor elementor-205\" data-elementor-post-type=\"page\">\n\t\t\t\t\t\t<section class=\"elementor-section elementor-top-section elementor-element elementor-element-566081d5 elementor-section-boxed elementor-section-height-default elementor-section-height-default\" data-id=\"566081d5\" data-element_type=\"section\" data-e-type=\"section\" data-settings=\"{&quot;background_background&quot;:&quot;classic&quot;}\">\n\t\t\t\t\t\t<div class=\"elementor-container elementor-column-gap-default\">\n\t\t\t\t\t<div class=\"elementor-column elementor-col-100 elementor-top-column elementor-element elementor-element-7a85671f\" data-id=\"7a85671f\" data-element_type=\"column\" data-e-type=\"column\">\n\t\t\t<div class=\"elementor-widget-wrap elementor-element-populated\">\n\t\t\t\t\t\t<div class=\"elementor-element elementor-element-239029d1 elementor-widget elementor-widget-heading\" data-id=\"239029d1\" data-element_type=\"widget\" data-e-type=\"widget\" data-widget_type=\"heading.default\">\n\t\t\t\t\t<h2 class=\"elementor-heading-title elementor-size-default\">Realiz\u00e1cie<\/h2>\t\t\t\t<\/div>\n\t\t\t\t\t<\/div>\n\t\t<\/div>\n\t\t\t\t\t<\/div>\n\t\t<\/section>\n\t\t\t\t<section class=\"elementor-section elementor-top-section elementor-element elementor-element-5aa70fc2 elementor-section-boxed elementor-section-height-default elementor-section-height-default\" data-id=\"5aa70fc2\" data-element_type=\"section\" data-e-type=\"section\">\n\t\t\t\t\t\t<div class=\"elementor-container elementor-column-gap-default\">\n\t\t\t\t\t<div class=\"elementor-column elementor-col-100 elementor-top-column elementor-element elementor-element-412c30cb\" data-id=\"412c30cb\" data-element_type=\"column\" data-e-type=\"column\">\n\t\t\t<div class=\"elementor-widget-wrap elementor-element-populated\">\n\t\t\t\t\t\t<div class=\"elementor-element elementor-element-56041b04 elementor-widget elementor-widget-heading\" data-id=\"56041b04\" data-element_type=\"widget\" data-e-type=\"widget\" data-widget_type=\"heading.default\">\n\t\t\t\t\t<h6 class=\"elementor-heading-title elementor-size-default\">Referencie<\/h6>\t\t\t\t<\/div>\n\t\t\t\t<div class=\"elementor-element elementor-element-7023e3d0 elementor-widget elementor-widget-heading\" data-id=\"7023e3d0\" data-element_type=\"widget\" data-e-type=\"widget\" data-widget_type=\"heading.default\">\n\t\t\t\t\t<h2 class=\"elementor-heading-title elementor-size-default\">Na\u0161e realiz\u00e1cie\n<\/h2>\t\t\t\t<\/div>\n\t\t\t\t<div class=\"elementor-element elementor-element-48219251 elementor-widget__width-initial elementor-widget-divider--view-line elementor-widget elementor-widget-divider\" data-id=\"48219251\" data-element_type=\"widget\" data-e-type=\"widget\" data-widget_type=\"divider.default\">\n\t\t\t\t\t\t\t<div class=\"elementor-divider\">\n\t\t\t<span class=\"elementor-divider-separator\">\n\t\t\t\t\t\t<\/span>\n\t\t<\/div>\n\t\t\t\t\t\t<\/div>\n\t\t\t\t<section class=\"elementor-section elementor-inner-section elementor-element elementor-element-68dee770 elementor-section-full_width elementor-section-height-default elementor-section-height-default\" data-id=\"68dee770\" data-element_type=\"section\" data-e-type=\"section\">\n\t\t\t\t\t\t<div class=\"elementor-container elementor-column-gap-default\">\n\t\t\t\t\t<div class=\"elementor-column elementor-col-50 elementor-inner-column elementor-element elementor-element-72f8832f elementor-hidden-mobile\" data-id=\"72f8832f\" data-element_type=\"column\" data-e-type=\"column\">\n\t\t\t<div class=\"elementor-widget-wrap elementor-element-populated\">\n\t\t\t\t\t\t<div class=\"elementor-element elementor-element-373a7ead elementor-widget-divider--view-line elementor-widget elementor-widget-divider\" data-id=\"373a7ead\" data-element_type=\"widget\" data-e-type=\"widget\" data-widget_type=\"divider.default\">\n\t\t\t\t\t\t\t<div class=\"elementor-divider\">\n\t\t\t<span class=\"elementor-divider-separator\">\n\t\t\t\t\t\t<\/span>\n\t\t<\/div>\n\t\t\t\t\t\t<\/div>\n\t\t\t\t\t<\/div>\n\t\t<\/div>\n\t\t\t\t<div class=\"elementor-column elementor-col-50 elementor-inner-column elementor-element elementor-element-3c634155\" data-id=\"3c634155\" data-element_type=\"column\" data-e-type=\"column\">\n\t\t\t<div class=\"elementor-widget-wrap elementor-element-populated\">\n\t\t\t\t\t\t<div class=\"elementor-element elementor-element-d89aaef elementor-widget elementor-widget-text-editor\" data-id=\"d89aaef\" data-element_type=\"widget\" data-e-type=\"widget\" data-widget_type=\"text-editor.default\">\n\t\t\t\t\t\t\t\t\t<p data-start=\"188\" data-end=\"311\">Realizujeme projekty od men\u0161\u00edch rekon\u0161trukci\u00ed a\u017e po komplexn\u00e9 fit-outy a technick\u00e9 \u00fapravy.<\/p>\t\t\t\t\t\t\t\t<\/div>\n\t\t\t\t<div class=\"elementor-element elementor-element-4f64ba8b elementor-widget elementor-widget-text-editor\" data-id=\"4f64ba8b\" data-element_type=\"widget\" data-e-type=\"widget\" data-widget_type=\"text-editor.default\">\n\t\t\t\t\t\t\t\t\t<p data-start=\"313\" data-end=\"568\">Ka\u017ed\u00fa realiz\u00e1ciu vedieme s d\u00f4razom na harmonogram, rozpo\u010det a kvalitu prevedenia. Zabezpe\u010dujeme koordin\u00e1ciu profesi\u00ed, priebe\u017en\u00fa kontrolu pr\u00e1c a jasn\u00fa komunik\u00e1ciu s klientom, aby odovzdanie prebehlo hladko a bez zbyto\u010dn\u00fdch komplik\u00e1ci\u00ed.<\/p>\t\t\t\t\t\t\t\t<\/div>\n\t\t\t\t\t<\/div>\n\t\t<\/div>\n\t\t\t\t\t<\/div>\n\t\t<\/section>\n\t\t\t\t\t<\/div>\n\t\t<\/div>\n\t\t\t\t\t<\/div>\n\t\t<\/section>\n\t\t<div class=\"elementor-element elementor-element-1d0c097 e-flex e-con-boxed e-con e-parent\" data-id=\"1d0c097\" data-element_type=\"container\" data-e-type=\"container\">\n\t\t\t\t\t<div class=\"e-con-inner\">\n\t\t<div class=\"elementor-element elementor-element-5c5d666 e-con-full e-flex elementor-invisible e-con e-child\" data-id=\"5c5d666\" data-element_type=\"container\" data-e-type=\"container\" data-settings=\"{&quot;animation&quot;:&quot;fadeInUp&quot;}\">\n\t\t\t\t<div class=\"elementor-element elementor-element-efc2845 elementor-grid-3 elementor-grid-tablet-2 elementor-grid-mobile-1 elementor-widget elementor-widget-loop-grid\" data-id=\"efc2845\" data-element_type=\"widget\" data-e-type=\"widget\" data-settings=\"{&quot;template_id&quot;:156,&quot;_skin&quot;:&quot;post&quot;,&quot;columns&quot;:&quot;3&quot;,&quot;columns_tablet&quot;:&quot;2&quot;,&quot;columns_mobile&quot;:&quot;1&quot;,&quot;edit_handle_selector&quot;:&quot;[data-elementor-type=\\&quot;loop-item\\&quot;]&quot;,&quot;row_gap&quot;:{&quot;unit&quot;:&quot;px&quot;,&quot;size&quot;:&quot;&quot;,&quot;sizes&quot;:[]},&quot;row_gap_tablet&quot;:{&quot;unit&quot;:&quot;px&quot;,&quot;size&quot;:&quot;&quot;,&quot;sizes&quot;:[]},&quot;row_gap_mobile&quot;:{&quot;unit&quot;:&quot;px&quot;,&quot;size&quot;:&quot;&quot;,&quot;sizes&quot;:[]}}\" data-widget_type=\"loop-grid.post\">\n\t\t\t\t<div class=\"elementor-widget-container\">\n\t\t\t\t\t\t\t<div class=\"elementor-loop-container elementor-grid\" role=\"list\">\n\t\t<style id=\"loop-156\">.elementor-156 .elementor-element.elementor-element-6d7ef8e0{--display:flex;}.elementor-156 .elementor-element.elementor-element-36cb0e69 .elementor-heading-title{font-size:30px;font-weight:400;}.elementor-156 .elementor-element.elementor-element-42a5bdf2{text-align:justify;}<\/style>\t\t<div data-elementor-type=\"loop-item\" data-elementor-id=\"156\" class=\"elementor elementor-156 e-loop-item e-loop-item-219 post-219 referencie type-referencie status-publish has-post-thumbnail hentry reference_service-contract-management reference_service-projektovy-manazment reference_service-realizacia\" data-elementor-post-type=\"elementor_library\" data-custom-edit-handle=\"1\">\n\t\t\t<a class=\"elementor-element elementor-element-6d7ef8e0 e-flex e-con-boxed e-con e-parent\" data-id=\"6d7ef8e0\" data-element_type=\"container\" data-e-type=\"container\" href=\"https:\/\/protown.sk\/?referencie=fit-out-kancelarii-320-m%c2%b2-5\">\n\t\t\t\t\t<div class=\"e-con-inner\">\n\t\t\t\t<div class=\"elementor-element elementor-element-42c224ff elementor-widget elementor-widget-theme-post-featured-image elementor-widget-image\" data-id=\"42c224ff\" data-element_type=\"widget\" data-e-type=\"widget\" data-widget_type=\"theme-post-featured-image.default\">\n\t\t\t\t\t\t\t\t\t\t\t\t\t\t\t<img fetchpriority=\"high\" decoding=\"async\" width=\"626\" height=\"418\" src=\"https:\/\/protown.sk\/wp-content\/uploads\/2026\/03\/room-is-renovation-construction_85778-58.avif\" class=\"attachment-large size-large wp-image-172\" alt=\"\" srcset=\"https:\/\/protown.sk\/wp-content\/uploads\/2026\/03\/room-is-renovation-construction_85778-58.avif 626w, https:\/\/protown.sk\/wp-content\/uploads\/2026\/03\/room-is-renovation-construction_85778-58-300x200.jpg 300w\" sizes=\"(max-width: 626px) 100vw, 626px\" \/>\t\t\t\t\t\t\t\t\t\t\t\t\t\t\t<\/div>\n\t\t\t\t<div class=\"elementor-element elementor-element-36cb0e69 elementor-widget elementor-widget-theme-post-title elementor-page-title elementor-widget-heading\" data-id=\"36cb0e69\" data-element_type=\"widget\" data-e-type=\"widget\" data-widget_type=\"theme-post-title.default\">\n\t\t\t\t\t<h1 class=\"elementor-heading-title elementor-size-default\">Fit-out kancel\u00e1ri\u00ed \u2013 320 m\u00b2<\/h1>\t\t\t\t<\/div>\n\t\t\t\t<div class=\"elementor-element elementor-element-42a5bdf2 elementor-widget elementor-widget-text-editor\" data-id=\"42a5bdf2\" data-element_type=\"widget\" data-e-type=\"widget\" data-widget_type=\"text-editor.default\">\n\t\t\t\t\t\t\t\t\tRealizovali sme fit-out kancel\u00e1rskych priestorov s v\u00fdmerou 320 m\u00b2 od pl\u00e1novania a\u017e po odovzdanie. Zabezpe\u010dili sme harmonogram pr\u00e1c, koordin\u00e1ciu v\u0161etk\u00fdch profesi\u00ed a priebe\u017en\u00fa kontrolu rozpo\u010dtu, aby projekt prebehol bez zdr\u017ean\u00ed a v dohodnutej kvalite.\t\t\t\t\t\t\t\t<\/div>\n\t\t\t\t\t<\/div>\n\t\t\t\t<\/a>\n\t\t\t\t<\/div>\n\t\t\t\t<div data-elementor-type=\"loop-item\" data-elementor-id=\"156\" class=\"elementor elementor-156 e-loop-item e-loop-item-218 post-218 referencie type-referencie status-publish has-post-thumbnail hentry reference_service-contract-management reference_service-projektovy-manazment reference_service-realizacia\" data-elementor-post-type=\"elementor_library\" data-custom-edit-handle=\"1\">\n\t\t\t<a class=\"elementor-element elementor-element-6d7ef8e0 e-flex e-con-boxed e-con e-parent\" data-id=\"6d7ef8e0\" data-element_type=\"container\" data-e-type=\"container\" href=\"https:\/\/protown.sk\/?referencie=fit-out-kancelarii-320-m%c2%b2-4\">\n\t\t\t\t\t<div class=\"e-con-inner\">\n\t\t\t\t<div class=\"elementor-element elementor-element-42c224ff elementor-widget elementor-widget-theme-post-featured-image elementor-widget-image\" data-id=\"42c224ff\" data-element_type=\"widget\" data-e-type=\"widget\" data-widget_type=\"theme-post-featured-image.default\">\n\t\t\t\t\t\t\t\t\t\t\t\t\t\t\t<img fetchpriority=\"high\" decoding=\"async\" width=\"626\" height=\"418\" src=\"https:\/\/protown.sk\/wp-content\/uploads\/2026\/03\/room-is-renovation-construction_85778-58.avif\" class=\"attachment-large size-large wp-image-172\" alt=\"\" srcset=\"https:\/\/protown.sk\/wp-content\/uploads\/2026\/03\/room-is-renovation-construction_85778-58.avif 626w, https:\/\/protown.sk\/wp-content\/uploads\/2026\/03\/room-is-renovation-construction_85778-58-300x200.jpg 300w\" sizes=\"(max-width: 626px) 100vw, 626px\" \/>\t\t\t\t\t\t\t\t\t\t\t\t\t\t\t<\/div>\n\t\t\t\t<div class=\"elementor-element elementor-element-36cb0e69 elementor-widget elementor-widget-theme-post-title elementor-page-title elementor-widget-heading\" data-id=\"36cb0e69\" data-element_type=\"widget\" data-e-type=\"widget\" data-widget_type=\"theme-post-title.default\">\n\t\t\t\t\t<h1 class=\"elementor-heading-title elementor-size-default\">Fit-out kancel\u00e1ri\u00ed \u2013 320 m\u00b2<\/h1>\t\t\t\t<\/div>\n\t\t\t\t<div class=\"elementor-element elementor-element-42a5bdf2 elementor-widget elementor-widget-text-editor\" data-id=\"42a5bdf2\" data-element_type=\"widget\" data-e-type=\"widget\" data-widget_type=\"text-editor.default\">\n\t\t\t\t\t\t\t\t\tRealizovali sme fit-out kancel\u00e1rskych priestorov s v\u00fdmerou 320 m\u00b2 od pl\u00e1novania a\u017e po odovzdanie. Zabezpe\u010dili sme harmonogram pr\u00e1c, koordin\u00e1ciu v\u0161etk\u00fdch profesi\u00ed a priebe\u017en\u00fa kontrolu rozpo\u010dtu, aby projekt prebehol bez zdr\u017ean\u00ed a v dohodnutej kvalite.\t\t\t\t\t\t\t\t<\/div>\n\t\t\t\t\t<\/div>\n\t\t\t\t<\/a>\n\t\t\t\t<\/div>\n\t\t\t\t<div data-elementor-type=\"loop-item\" data-elementor-id=\"156\" class=\"elementor elementor-156 e-loop-item e-loop-item-217 post-217 referencie type-referencie status-publish has-post-thumbnail hentry reference_service-contract-management reference_service-projektovy-manazment reference_service-realizacia\" data-elementor-post-type=\"elementor_library\" data-custom-edit-handle=\"1\">\n\t\t\t<a class=\"elementor-element elementor-element-6d7ef8e0 e-flex e-con-boxed e-con e-parent\" data-id=\"6d7ef8e0\" data-element_type=\"container\" data-e-type=\"container\" href=\"https:\/\/protown.sk\/?referencie=fit-out-kancelarii-320-m%c2%b2-3\">\n\t\t\t\t\t<div class=\"e-con-inner\">\n\t\t\t\t<div class=\"elementor-element elementor-element-42c224ff elementor-widget elementor-widget-theme-post-featured-image elementor-widget-image\" data-id=\"42c224ff\" data-element_type=\"widget\" data-e-type=\"widget\" data-widget_type=\"theme-post-featured-image.default\">\n\t\t\t\t\t\t\t\t\t\t\t\t\t\t\t<img fetchpriority=\"high\" decoding=\"async\" width=\"626\" height=\"418\" src=\"https:\/\/protown.sk\/wp-content\/uploads\/2026\/03\/room-is-renovation-construction_85778-58.avif\" class=\"attachment-large size-large wp-image-172\" alt=\"\" srcset=\"https:\/\/protown.sk\/wp-content\/uploads\/2026\/03\/room-is-renovation-construction_85778-58.avif 626w, https:\/\/protown.sk\/wp-content\/uploads\/2026\/03\/room-is-renovation-construction_85778-58-300x200.jpg 300w\" sizes=\"(max-width: 626px) 100vw, 626px\" \/>\t\t\t\t\t\t\t\t\t\t\t\t\t\t\t<\/div>\n\t\t\t\t<div class=\"elementor-element elementor-element-36cb0e69 elementor-widget elementor-widget-theme-post-title elementor-page-title elementor-widget-heading\" data-id=\"36cb0e69\" data-element_type=\"widget\" data-e-type=\"widget\" data-widget_type=\"theme-post-title.default\">\n\t\t\t\t\t<h1 class=\"elementor-heading-title elementor-size-default\">Fit-out kancel\u00e1ri\u00ed \u2013 320 m\u00b2<\/h1>\t\t\t\t<\/div>\n\t\t\t\t<div class=\"elementor-element elementor-element-42a5bdf2 elementor-widget elementor-widget-text-editor\" data-id=\"42a5bdf2\" data-element_type=\"widget\" data-e-type=\"widget\" data-widget_type=\"text-editor.default\">\n\t\t\t\t\t\t\t\t\tRealizovali sme fit-out kancel\u00e1rskych priestorov s v\u00fdmerou 320 m\u00b2 od pl\u00e1novania a\u017e po odovzdanie. Zabezpe\u010dili sme harmonogram pr\u00e1c, koordin\u00e1ciu v\u0161etk\u00fdch profesi\u00ed a priebe\u017en\u00fa kontrolu rozpo\u010dtu, aby projekt prebehol bez zdr\u017ean\u00ed a v dohodnutej kvalite.\t\t\t\t\t\t\t\t<\/div>\n\t\t\t\t\t<\/div>\n\t\t\t\t<\/a>\n\t\t\t\t<\/div>\n\t\t\t\t<div data-elementor-type=\"loop-item\" data-elementor-id=\"156\" class=\"elementor elementor-156 e-loop-item e-loop-item-174 post-174 referencie type-referencie status-publish has-post-thumbnail hentry reference_service-contract-management reference_service-projektovy-manazment reference_service-realizacia\" data-elementor-post-type=\"elementor_library\" data-custom-edit-handle=\"1\">\n\t\t\t<a class=\"elementor-element elementor-element-6d7ef8e0 e-flex e-con-boxed e-con e-parent\" data-id=\"6d7ef8e0\" data-element_type=\"container\" data-e-type=\"container\" href=\"https:\/\/protown.sk\/?referencie=fit-out-kancelarii-320-m%c2%b2-2-4\">\n\t\t\t\t\t<div class=\"e-con-inner\">\n\t\t\t\t<div class=\"elementor-element elementor-element-42c224ff elementor-widget elementor-widget-theme-post-featured-image elementor-widget-image\" data-id=\"42c224ff\" data-element_type=\"widget\" data-e-type=\"widget\" data-widget_type=\"theme-post-featured-image.default\">\n\t\t\t\t\t\t\t\t\t\t\t\t\t\t\t<img fetchpriority=\"high\" decoding=\"async\" width=\"626\" height=\"418\" src=\"https:\/\/protown.sk\/wp-content\/uploads\/2026\/03\/room-is-renovation-construction_85778-58.avif\" class=\"attachment-large size-large wp-image-172\" alt=\"\" srcset=\"https:\/\/protown.sk\/wp-content\/uploads\/2026\/03\/room-is-renovation-construction_85778-58.avif 626w, https:\/\/protown.sk\/wp-content\/uploads\/2026\/03\/room-is-renovation-construction_85778-58-300x200.jpg 300w\" sizes=\"(max-width: 626px) 100vw, 626px\" \/>\t\t\t\t\t\t\t\t\t\t\t\t\t\t\t<\/div>\n\t\t\t\t<div class=\"elementor-element elementor-element-36cb0e69 elementor-widget elementor-widget-theme-post-title elementor-page-title elementor-widget-heading\" data-id=\"36cb0e69\" data-element_type=\"widget\" data-e-type=\"widget\" data-widget_type=\"theme-post-title.default\">\n\t\t\t\t\t<h1 class=\"elementor-heading-title elementor-size-default\">Fit-out kancel\u00e1ri\u00ed \u2013 320 m\u00b2<\/h1>\t\t\t\t<\/div>\n\t\t\t\t<div class=\"elementor-element elementor-element-42a5bdf2 elementor-widget elementor-widget-text-editor\" data-id=\"42a5bdf2\" data-element_type=\"widget\" data-e-type=\"widget\" data-widget_type=\"text-editor.default\">\n\t\t\t\t\t\t\t\t\tRealizovali sme fit-out kancel\u00e1rskych priestorov s v\u00fdmerou 320 m\u00b2 od pl\u00e1novania a\u017e po odovzdanie. Zabezpe\u010dili sme harmonogram pr\u00e1c, koordin\u00e1ciu v\u0161etk\u00fdch profesi\u00ed a priebe\u017en\u00fa kontrolu rozpo\u010dtu, aby projekt prebehol bez zdr\u017ean\u00ed a v dohodnutej kvalite.\t\t\t\t\t\t\t\t<\/div>\n\t\t\t\t\t<\/div>\n\t\t\t\t<\/a>\n\t\t\t\t<\/div>\n\t\t\t\t<div data-elementor-type=\"loop-item\" data-elementor-id=\"156\" class=\"elementor elementor-156 e-loop-item e-loop-item-173 post-173 referencie type-referencie status-publish has-post-thumbnail hentry reference_service-contract-management reference_service-projektovy-manazment reference_service-realizacia\" data-elementor-post-type=\"elementor_library\" data-custom-edit-handle=\"1\">\n\t\t\t<a class=\"elementor-element elementor-element-6d7ef8e0 e-flex e-con-boxed e-con e-parent\" data-id=\"6d7ef8e0\" data-element_type=\"container\" data-e-type=\"container\" href=\"https:\/\/protown.sk\/?referencie=fit-out-kancelarii-320-m%c2%b2-2\">\n\t\t\t\t\t<div class=\"e-con-inner\">\n\t\t\t\t<div class=\"elementor-element elementor-element-42c224ff elementor-widget elementor-widget-theme-post-featured-image elementor-widget-image\" data-id=\"42c224ff\" data-element_type=\"widget\" data-e-type=\"widget\" data-widget_type=\"theme-post-featured-image.default\">\n\t\t\t\t\t\t\t\t\t\t\t\t\t\t\t<img fetchpriority=\"high\" decoding=\"async\" width=\"626\" height=\"418\" src=\"https:\/\/protown.sk\/wp-content\/uploads\/2026\/03\/room-is-renovation-construction_85778-58.avif\" class=\"attachment-large size-large wp-image-172\" alt=\"\" srcset=\"https:\/\/protown.sk\/wp-content\/uploads\/2026\/03\/room-is-renovation-construction_85778-58.avif 626w, https:\/\/protown.sk\/wp-content\/uploads\/2026\/03\/room-is-renovation-construction_85778-58-300x200.jpg 300w\" sizes=\"(max-width: 626px) 100vw, 626px\" \/>\t\t\t\t\t\t\t\t\t\t\t\t\t\t\t<\/div>\n\t\t\t\t<div class=\"elementor-element elementor-element-36cb0e69 elementor-widget elementor-widget-theme-post-title elementor-page-title elementor-widget-heading\" data-id=\"36cb0e69\" data-element_type=\"widget\" data-e-type=\"widget\" data-widget_type=\"theme-post-title.default\">\n\t\t\t\t\t<h1 class=\"elementor-heading-title elementor-size-default\">Fit-out kancel\u00e1ri\u00ed \u2013 320 m\u00b2<\/h1>\t\t\t\t<\/div>\n\t\t\t\t<div class=\"elementor-element elementor-element-42a5bdf2 elementor-widget elementor-widget-text-editor\" data-id=\"42a5bdf2\" data-element_type=\"widget\" data-e-type=\"widget\" data-widget_type=\"text-editor.default\">\n\t\t\t\t\t\t\t\t\tRealizovali sme fit-out kancel\u00e1rskych priestorov s v\u00fdmerou 320 m\u00b2 od pl\u00e1novania a\u017e po odovzdanie. Zabezpe\u010dili sme harmonogram pr\u00e1c, koordin\u00e1ciu v\u0161etk\u00fdch profesi\u00ed a priebe\u017en\u00fa kontrolu rozpo\u010dtu, aby projekt prebehol bez zdr\u017ean\u00ed a v dohodnutej kvalite.\t\t\t\t\t\t\t\t<\/div>\n\t\t\t\t\t<\/div>\n\t\t\t\t<\/a>\n\t\t\t\t<\/div>\n\t\t\t\t<div data-elementor-type=\"loop-item\" data-elementor-id=\"156\" class=\"elementor elementor-156 e-loop-item e-loop-item-170 post-170 referencie type-referencie status-publish has-post-thumbnail hentry reference_service-contract-management reference_service-projektovy-manazment reference_service-realizacia\" data-elementor-post-type=\"elementor_library\" data-custom-edit-handle=\"1\">\n\t\t\t<a class=\"elementor-element elementor-element-6d7ef8e0 e-flex e-con-boxed e-con e-parent\" data-id=\"6d7ef8e0\" data-element_type=\"container\" data-e-type=\"container\" href=\"https:\/\/protown.sk\/?referencie=fit-out-kancelarii-320-m%c2%b2\">\n\t\t\t\t\t<div class=\"e-con-inner\">\n\t\t\t\t<div class=\"elementor-element elementor-element-42c224ff elementor-widget elementor-widget-theme-post-featured-image elementor-widget-image\" data-id=\"42c224ff\" data-element_type=\"widget\" data-e-type=\"widget\" data-widget_type=\"theme-post-featured-image.default\">\n\t\t\t\t\t\t\t\t\t\t\t\t\t\t\t<img fetchpriority=\"high\" decoding=\"async\" width=\"626\" height=\"418\" src=\"https:\/\/protown.sk\/wp-content\/uploads\/2026\/03\/room-is-renovation-construction_85778-58.avif\" class=\"attachment-large size-large wp-image-172\" alt=\"\" srcset=\"https:\/\/protown.sk\/wp-content\/uploads\/2026\/03\/room-is-renovation-construction_85778-58.avif 626w, https:\/\/protown.sk\/wp-content\/uploads\/2026\/03\/room-is-renovation-construction_85778-58-300x200.jpg 300w\" sizes=\"(max-width: 626px) 100vw, 626px\" \/>\t\t\t\t\t\t\t\t\t\t\t\t\t\t\t<\/div>\n\t\t\t\t<div class=\"elementor-element elementor-element-36cb0e69 elementor-widget elementor-widget-theme-post-title elementor-page-title elementor-widget-heading\" data-id=\"36cb0e69\" data-element_type=\"widget\" data-e-type=\"widget\" data-widget_type=\"theme-post-title.default\">\n\t\t\t\t\t<h1 class=\"elementor-heading-title elementor-size-default\">Fit-out kancel\u00e1ri\u00ed \u2013 320 m\u00b2<\/h1>\t\t\t\t<\/div>\n\t\t\t\t<div class=\"elementor-element elementor-element-42a5bdf2 elementor-widget elementor-widget-text-editor\" data-id=\"42a5bdf2\" data-element_type=\"widget\" data-e-type=\"widget\" data-widget_type=\"text-editor.default\">\n\t\t\t\t\t\t\t\t\tRealizovali sme fit-out kancel\u00e1rskych priestorov s v\u00fdmerou 320 m\u00b2 od pl\u00e1novania a\u017e po odovzdanie. Zabezpe\u010dili sme harmonogram pr\u00e1c, koordin\u00e1ciu v\u0161etk\u00fdch profesi\u00ed a priebe\u017en\u00fa kontrolu rozpo\u010dtu, aby projekt prebehol bez zdr\u017ean\u00ed a v dohodnutej kvalite.\t\t\t\t\t\t\t\t<\/div>\n\t\t\t\t\t<\/div>\n\t\t\t\t<\/a>\n\t\t\t\t<\/div>\n\t\t\t\t<\/div>\n\t\t\n\t\t\t\t\t\t<\/div>\n\t\t\t\t<\/div>\n\t\t\t\t<\/div>\n\t\t\t\t\t<\/div>\n\t\t\t\t<\/div>\n\t\t\t\t<\/div>\n\t\t","protected":false},"excerpt":{"rendered":"<p>Realiz\u00e1cie Referencie Na\u0161e realiz\u00e1cie Realizujeme projekty od men\u0161\u00edch rekon\u0161trukci\u00ed a\u017e po komplexn\u00e9 fit-outy a technick\u00e9 \u00fapravy. Ka\u017ed\u00fa realiz\u00e1ciu vedieme s d\u00f4razom na harmonogram, rozpo\u010det a kvalitu prevedenia. Zabezpe\u010dujeme koordin\u00e1ciu profesi\u00ed, priebe\u017en\u00fa kontrolu pr\u00e1c a jasn\u00fa komunik\u00e1ciu s klientom, aby odovzdanie prebehlo hladko a bez zbyto\u010dn\u00fdch komplik\u00e1ci\u00ed.<\/p>\n","protected":false},"author":1,"featured_media":0,"parent":0,"menu_order":0,"comment_status":"closed","ping_status":"closed","template":"elementor_header_footer","meta":{"_acf_changed":false,"footnotes":""},"class_list":["post-205","page","type-page","status-publish","hentry"],"acf":[],"_links":{"self":[{"href":"https:\/\/protown.sk\/index.php?rest_route=\/wp\/v2\/pages\/205","targetHints":{"allow":["GET"]}}],"collection":[{"href":"https:\/\/protown.sk\/index.php?rest_route=\/wp\/v2\/pages"}],"about":[{"href":"https:\/\/protown.sk\/index.php?rest_route=\/wp\/v2\/types\/page"}],"author":[{"embeddable":true,"href":"https:\/\/protown.sk\/index.php?rest_route=\/wp\/v2\/users\/1"}],"replies":[{"embeddable":true,"href":"https:\/\/protown.sk\/index.php?rest_route=%2Fwp%2Fv2%2Fcomments&post=205"}],"version-history":[{"count":10,"href":"https:\/\/protown.sk\/index.php?rest_route=\/wp\/v2\/pages\/205\/revisions"}],"predecessor-version":[{"id":228,"href":"https:\/\/protown.sk\/index.php?rest_route=\/wp\/v2\/pages\/205\/revisions\/228"}],"wp:attachment":[{"href":"https:\/\/protown.sk\/index.php?rest_route=%2Fwp%2Fv2%2Fmedia&parent=205"}],"curies":[{"name":"wp","href":"https:\/\/api.w.org\/{rel}","templated":true}]}}